{"id":116,"date":"2020-05-19T11:43:33","date_gmt":"2020-05-19T09:43:33","guid":{"rendered":"http:\/\/fonddotationroullier.s188317.mprennes2.atester.fr\/?page_id=116"},"modified":"2021-05-18T10:30:12","modified_gmt":"2021-05-18T08:30:12","slug":"nos-evenements","status":"publish","type":"page","link":"https:\/\/www.fondsdedotationroullier.org\/fr\/nos-evenements\/","title":{"rendered":"Nos \u00e9v\u00e9nements"},"content":{"rendered":"","protected":false},"excerpt":{"rendered":"","protected":false},"author":4,"featured_media":0,"parent":0,"menu_order":0,"comment_status":"closed","ping_status":"closed","template":"evenements.php","meta":{"_acf_changed":false,"footnotes":""},"class_list":["post-116","page","type-page","status-publish","hentry"],"acf":[],"yoast_head":"<!-- This site is optimized with the Yoast SEO plugin v27.3 - https:\/\/yoast.com\/product\/yoast-seo-wordpress\/ -->\n<title>Nos \u00e9v\u00e9nements - Fonds de Dotation Roullier<\/title>\n<meta name=\"description\" content=\"Le Fonds de Dotation Roullier organise des \u00e9v\u00e8nements en lien avec sa mission d&#039;int\u00e9r\u00eat g\u00e9n\u00e9ral li\u00e9e \u00e0 l&#039;agriculture durable.\" \/>\n<meta name=\"robots\" content=\"index, follow, max-snippet:-1, max-image-preview:large, max-video-preview:-1\" \/>\n<link rel=\"canonical\" href=\"https:\/\/www.fondsdedotationroullier.org\/fr\/nos-evenements\/\" \/>\n<meta property=\"og:locale\" content=\"fr_FR\" \/>\n<meta property=\"og:type\" content=\"article\" \/>\n<meta property=\"og:title\" content=\"Nos \u00e9v\u00e9nements - Fonds de Dotation Roullier\" \/>\n<meta property=\"og:description\" content=\"Le Fonds de Dotation Roullier organise des \u00e9v\u00e8nements en lien avec sa mission d&#039;int\u00e9r\u00eat g\u00e9n\u00e9ral li\u00e9e \u00e0 l&#039;agriculture durable.\" \/>\n<meta property=\"og:url\" content=\"https:\/\/www.fondsdedotationroullier.org\/fr\/nos-evenements\/\" \/>\n<meta property=\"og:site_name\" content=\"Fonds de Dotation Roullier\" \/>\n<meta property=\"article:modified_time\" content=\"2021-05-18T08:30:12+00:00\" \/>\n<meta name=\"twitter:card\" content=\"summary_large_image\" \/>\n<script type=\"application\/ld+json\" class=\"yoast-schema-graph\">{\"@context\":\"https:\\\/\\\/schema.org\",\"@graph\":[{\"@type\":\"WebPage\",\"@id\":\"https:\\\/\\\/www.fondsdedotationroullier.org\\\/fr\\\/nos-evenements\\\/\",\"url\":\"https:\\\/\\\/www.fondsdedotationroullier.org\\\/fr\\\/nos-evenements\\\/\",\"name\":\"Nos \u00e9v\u00e9nements - Fonds de Dotation Roullier\",\"isPartOf\":{\"@id\":\"https:\\\/\\\/www.fondsdedotationroullier.org\\\/en\\\/#website\"},\"datePublished\":\"2020-05-19T09:43:33+00:00\",\"dateModified\":\"2021-05-18T08:30:12+00:00\",\"description\":\"Le Fonds de Dotation Roullier organise des \u00e9v\u00e8nements en lien avec sa mission d'int\u00e9r\u00eat g\u00e9n\u00e9ral li\u00e9e \u00e0 l'agriculture durable.\",\"breadcrumb\":{\"@id\":\"https:\\\/\\\/www.fondsdedotationroullier.org\\\/fr\\\/nos-evenements\\\/#breadcrumb\"},\"inLanguage\":\"fr-FR\",\"potentialAction\":[{\"@type\":\"ReadAction\",\"target\":[\"https:\\\/\\\/www.fondsdedotationroullier.org\\\/fr\\\/nos-evenements\\\/\"]}]},{\"@type\":\"BreadcrumbList\",\"@id\":\"https:\\\/\\\/www.fondsdedotationroullier.org\\\/fr\\\/nos-evenements\\\/#breadcrumb\",\"itemListElement\":[{\"@type\":\"ListItem\",\"position\":1,\"name\":\"Accueil\",\"item\":\"https:\\\/\\\/www.fondsdedotationroullier.org\\\/fr\\\/\"},{\"@type\":\"ListItem\",\"position\":2,\"name\":\"Nos \u00e9v\u00e9nements\"}]},{\"@type\":\"WebSite\",\"@id\":\"https:\\\/\\\/www.fondsdedotationroullier.org\\\/en\\\/#website\",\"url\":\"https:\\\/\\\/www.fondsdedotationroullier.org\\\/en\\\/\",\"name\":\"Fonds de Dotation Roullier\",\"description\":\"\",\"publisher\":{\"@id\":\"https:\\\/\\\/www.fondsdedotationroullier.org\\\/en\\\/#organization\"},\"potentialAction\":[{\"@type\":\"SearchAction\",\"target\":{\"@type\":\"EntryPoint\",\"urlTemplate\":\"https:\\\/\\\/www.fondsdedotationroullier.org\\\/en\\\/?s={search_term_string}\"},\"query-input\":{\"@type\":\"PropertyValueSpecification\",\"valueRequired\":true,\"valueName\":\"search_term_string\"}}],\"inLanguage\":\"fr-FR\"},{\"@type\":\"Organization\",\"@id\":\"https:\\\/\\\/www.fondsdedotationroullier.org\\\/en\\\/#organization\",\"name\":\"Fonds de Dotation Roullier\",\"url\":\"https:\\\/\\\/www.fondsdedotationroullier.org\\\/en\\\/\",\"logo\":{\"@type\":\"ImageObject\",\"inLanguage\":\"fr-FR\",\"@id\":\"https:\\\/\\\/www.fondsdedotationroullier.org\\\/en\\\/#\\\/schema\\\/logo\\\/image\\\/\",\"url\":\"https:\\\/\\\/www.fondsdedotationroullier.org\\\/wp-content\\\/uploads\\\/2023\\\/05\\\/Logo_FDR_Noir.png\",\"contentUrl\":\"https:\\\/\\\/www.fondsdedotationroullier.org\\\/wp-content\\\/uploads\\\/2023\\\/05\\\/Logo_FDR_Noir.png\",\"width\":1536,\"height\":591,\"caption\":\"Fonds de Dotation Roullier\"},\"image\":{\"@id\":\"https:\\\/\\\/www.fondsdedotationroullier.org\\\/en\\\/#\\\/schema\\\/logo\\\/image\\\/\"},\"sameAs\":[\"https:\\\/\\\/www.linkedin.com\\\/company\\\/fonds-de-dotation-roullier\\\/\"]}]}<\/script>\n<!-- \/ Yoast SEO plugin. -->","yoast_head_json":{"title":"Nos \u00e9v\u00e9nements - Fonds de Dotation Roullier","description":"Le Fonds de Dotation Roullier organise des \u00e9v\u00e8nements en lien avec sa mission d'int\u00e9r\u00eat g\u00e9n\u00e9ral li\u00e9e \u00e0 l'agriculture durable.","robots":{"index":"index","follow":"follow","max-snippet":"max-snippet:-1","max-image-preview":"max-image-preview:large","max-video-preview":"max-video-preview:-1"},"canonical":"https:\/\/www.fondsdedotationroullier.org\/fr\/nos-evenements\/","og_locale":"fr_FR","og_type":"article","og_title":"Nos \u00e9v\u00e9nements - Fonds de Dotation Roullier","og_description":"Le Fonds de Dotation Roullier organise des \u00e9v\u00e8nements en lien avec sa mission d'int\u00e9r\u00eat g\u00e9n\u00e9ral li\u00e9e \u00e0 l'agriculture durable.","og_url":"https:\/\/www.fondsdedotationroullier.org\/fr\/nos-evenements\/","og_site_name":"Fonds de Dotation Roullier","article_modified_time":"2021-05-18T08:30:12+00:00","twitter_card":"summary_large_image","schema":{"@context":"https:\/\/schema.org","@graph":[{"@type":"WebPage","@id":"https:\/\/www.fondsdedotationroullier.org\/fr\/nos-evenements\/","url":"https:\/\/www.fondsdedotationroullier.org\/fr\/nos-evenements\/","name":"Nos \u00e9v\u00e9nements - Fonds de Dotation Roullier","isPartOf":{"@id":"https:\/\/www.fondsdedotationroullier.org\/en\/#website"},"datePublished":"2020-05-19T09:43:33+00:00","dateModified":"2021-05-18T08:30:12+00:00","description":"Le Fonds de Dotation Roullier organise des \u00e9v\u00e8nements en lien avec sa mission d'int\u00e9r\u00eat g\u00e9n\u00e9ral li\u00e9e \u00e0 l'agriculture durable.","breadcrumb":{"@id":"https:\/\/www.fondsdedotationroullier.org\/fr\/nos-evenements\/#breadcrumb"},"inLanguage":"fr-FR","potentialAction":[{"@type":"ReadAction","target":["https:\/\/www.fondsdedotationroullier.org\/fr\/nos-evenements\/"]}]},{"@type":"BreadcrumbList","@id":"https:\/\/www.fondsdedotationroullier.org\/fr\/nos-evenements\/#breadcrumb","itemListElement":[{"@type":"ListItem","position":1,"name":"Accueil","item":"https:\/\/www.fondsdedotationroullier.org\/fr\/"},{"@type":"ListItem","position":2,"name":"Nos \u00e9v\u00e9nements"}]},{"@type":"WebSite","@id":"https:\/\/www.fondsdedotationroullier.org\/en\/#website","url":"https:\/\/www.fondsdedotationroullier.org\/en\/","name":"Fonds de Dotation Roullier","description":"","publisher":{"@id":"https:\/\/www.fondsdedotationroullier.org\/en\/#organization"},"potentialAction":[{"@type":"SearchAction","target":{"@type":"EntryPoint","urlTemplate":"https:\/\/www.fondsdedotationroullier.org\/en\/?s={search_term_string}"},"query-input":{"@type":"PropertyValueSpecification","valueRequired":true,"valueName":"search_term_string"}}],"inLanguage":"fr-FR"},{"@type":"Organization","@id":"https:\/\/www.fondsdedotationroullier.org\/en\/#organization","name":"Fonds de Dotation Roullier","url":"https:\/\/www.fondsdedotationroullier.org\/en\/","logo":{"@type":"ImageObject","inLanguage":"fr-FR","@id":"https:\/\/www.fondsdedotationroullier.org\/en\/#\/schema\/logo\/image\/","url":"https:\/\/www.fondsdedotationroullier.org\/wp-content\/uploads\/2023\/05\/Logo_FDR_Noir.png","contentUrl":"https:\/\/www.fondsdedotationroullier.org\/wp-content\/uploads\/2023\/05\/Logo_FDR_Noir.png","width":1536,"height":591,"caption":"Fonds de Dotation Roullier"},"image":{"@id":"https:\/\/www.fondsdedotationroullier.org\/en\/#\/schema\/logo\/image\/"},"sameAs":["https:\/\/www.linkedin.com\/company\/fonds-de-dotation-roullier\/"]}]}},"_links":{"self":[{"href":"https:\/\/www.fondsdedotationroullier.org\/fr\/wp-json\/wp\/v2\/pages\/116","targetHints":{"allow":["GET"]}}],"collection":[{"href":"https:\/\/www.fondsdedotationroullier.org\/fr\/wp-json\/wp\/v2\/pages"}],"about":[{"href":"https:\/\/www.fondsdedotationroullier.org\/fr\/wp-json\/wp\/v2\/types\/page"}],"author":[{"embeddable":true,"href":"https:\/\/www.fondsdedotationroullier.org\/fr\/wp-json\/wp\/v2\/users\/4"}],"replies":[{"embeddable":true,"href":"https:\/\/www.fondsdedotationroullier.org\/fr\/wp-json\/wp\/v2\/comments?post=116"}],"version-history":[{"count":6,"href":"https:\/\/www.fondsdedotationroullier.org\/fr\/wp-json\/wp\/v2\/pages\/116\/revisions"}],"predecessor-version":[{"id":567,"href":"https:\/\/www.fondsdedotationroullier.org\/fr\/wp-json\/wp\/v2\/pages\/116\/revisions\/567"}],"wp:attachment":[{"href":"https:\/\/www.fondsdedotationroullier.org\/fr\/wp-json\/wp\/v2\/media?parent=116"}],"curies":[{"name":"wp","href":"https:\/\/api.w.org\/{rel}","templated":true}]}}