{"id":3489,"date":"2024-05-14T16:37:23","date_gmt":"2024-05-14T14:37:23","guid":{"rendered":"https:\/\/www.fondsdedotationroullier.org\/?page_id=3489"},"modified":"2024-05-14T17:00:34","modified_gmt":"2024-05-14T15:00:34","slug":"les-programmes-de-recherche-soutenus-par-le-fonds-de-dotation-roullier","status":"publish","type":"page","link":"https:\/\/www.fondsdedotationroullier.org\/fr\/les-programmes-de-recherche-soutenus-par-le-fonds-de-dotation-roullier\/","title":{"rendered":"Les programmes de recherche soutenus par le Fonds de dotation Roullier"},"content":{"rendered":"","protected":false},"excerpt":{"rendered":"","protected":false},"author":4,"featured_media":0,"parent":0,"menu_order":0,"comment_status":"closed","ping_status":"closed","template":"","meta":{"_acf_changed":false,"footnotes":""},"class_list":["post-3489","page","type-page","status-publish","hentry"],"acf":[],"yoast_head":"<!-- This site is optimized with the Yoast SEO plugin v27.3 - https:\/\/yoast.com\/product\/yoast-seo-wordpress\/ -->\n<title>Les programmes de recherche soutenus par le Fonds de dotation Roullier - Fonds de Dotation Roullier<\/title>\n<meta name=\"description\" content=\"D\u00e9couvrez comment les programmes de recherche soutenus par le Fonds de dotation Roullier abordent des d\u00e9fis cruciaux en agriculture et plus particuli\u00e8rement dans l\u2019am\u00e9lioration de la connaissance des sols et le d\u00e9veloppement durable dans ces domaines essentiels.\" \/>\n<meta name=\"robots\" content=\"index, follow, max-snippet:-1, max-image-preview:large, max-video-preview:-1\" \/>\n<link rel=\"canonical\" href=\"https:\/\/www.fondsdedotationroullier.org\/fr\/les-programmes-de-recherche-soutenus-par-le-fonds-de-dotation-roullier\/\" \/>\n<meta property=\"og:locale\" content=\"fr_FR\" \/>\n<meta property=\"og:type\" content=\"article\" \/>\n<meta property=\"og:title\" content=\"Les programmes de recherche soutenus par le Fonds de dotation Roullier - Fonds de Dotation Roullier\" \/>\n<meta property=\"og:description\" content=\"D\u00e9couvrez comment les programmes de recherche soutenus par le Fonds de dotation Roullier abordent des d\u00e9fis cruciaux en agriculture et plus particuli\u00e8rement dans l\u2019am\u00e9lioration de la connaissance des sols et le d\u00e9veloppement durable dans ces domaines essentiels.\" \/>\n<meta property=\"og:url\" content=\"https:\/\/www.fondsdedotationroullier.org\/fr\/les-programmes-de-recherche-soutenus-par-le-fonds-de-dotation-roullier\/\" \/>\n<meta property=\"og:site_name\" content=\"Fonds de Dotation Roullier\" \/>\n<meta property=\"article:modified_time\" content=\"2024-05-14T15:00:34+00:00\" \/>\n<meta name=\"twitter:card\" content=\"summary_large_image\" \/>\n<script type=\"application\/ld+json\" class=\"yoast-schema-graph\">{\"@context\":\"https:\\\/\\\/schema.org\",\"@graph\":[{\"@type\":\"WebPage\",\"@id\":\"https:\\\/\\\/www.fondsdedotationroullier.org\\\/fr\\\/les-programmes-de-recherche-soutenus-par-le-fonds-de-dotation-roullier\\\/\",\"url\":\"https:\\\/\\\/www.fondsdedotationroullier.org\\\/fr\\\/les-programmes-de-recherche-soutenus-par-le-fonds-de-dotation-roullier\\\/\",\"name\":\"Les programmes de recherche soutenus par le Fonds de dotation Roullier - Fonds de Dotation Roullier\",\"isPartOf\":{\"@id\":\"https:\\\/\\\/www.fondsdedotationroullier.org\\\/en\\\/#website\"},\"datePublished\":\"2024-05-14T14:37:23+00:00\",\"dateModified\":\"2024-05-14T15:00:34+00:00\",\"description\":\"D\u00e9couvrez comment les programmes de recherche soutenus par le Fonds de dotation Roullier abordent des d\u00e9fis cruciaux en agriculture et plus particuli\u00e8rement dans l\u2019am\u00e9lioration de la connaissance des sols et le d\u00e9veloppement durable dans ces domaines essentiels.\",\"breadcrumb\":{\"@id\":\"https:\\\/\\\/www.fondsdedotationroullier.org\\\/fr\\\/les-programmes-de-recherche-soutenus-par-le-fonds-de-dotation-roullier\\\/#breadcrumb\"},\"inLanguage\":\"fr-FR\",\"potentialAction\":[{\"@type\":\"ReadAction\",\"target\":[\"https:\\\/\\\/www.fondsdedotationroullier.org\\\/fr\\\/les-programmes-de-recherche-soutenus-par-le-fonds-de-dotation-roullier\\\/\"]}]},{\"@type\":\"BreadcrumbList\",\"@id\":\"https:\\\/\\\/www.fondsdedotationroullier.org\\\/fr\\\/les-programmes-de-recherche-soutenus-par-le-fonds-de-dotation-roullier\\\/#breadcrumb\",\"itemListElement\":[{\"@type\":\"ListItem\",\"position\":1,\"name\":\"Accueil\",\"item\":\"https:\\\/\\\/www.fondsdedotationroullier.org\\\/fr\\\/\"},{\"@type\":\"ListItem\",\"position\":2,\"name\":\"Les programmes de recherche soutenus par le Fonds de dotation Roullier\"}]},{\"@type\":\"WebSite\",\"@id\":\"https:\\\/\\\/www.fondsdedotationroullier.org\\\/en\\\/#website\",\"url\":\"https:\\\/\\\/www.fondsdedotationroullier.org\\\/en\\\/\",\"name\":\"Fonds de Dotation Roullier\",\"description\":\"\",\"publisher\":{\"@id\":\"https:\\\/\\\/www.fondsdedotationroullier.org\\\/en\\\/#organization\"},\"potentialAction\":[{\"@type\":\"SearchAction\",\"target\":{\"@type\":\"EntryPoint\",\"urlTemplate\":\"https:\\\/\\\/www.fondsdedotationroullier.org\\\/en\\\/?s={search_term_string}\"},\"query-input\":{\"@type\":\"PropertyValueSpecification\",\"valueRequired\":true,\"valueName\":\"search_term_string\"}}],\"inLanguage\":\"fr-FR\"},{\"@type\":\"Organization\",\"@id\":\"https:\\\/\\\/www.fondsdedotationroullier.org\\\/en\\\/#organization\",\"name\":\"Fonds de Dotation Roullier\",\"url\":\"https:\\\/\\\/www.fondsdedotationroullier.org\\\/en\\\/\",\"logo\":{\"@type\":\"ImageObject\",\"inLanguage\":\"fr-FR\",\"@id\":\"https:\\\/\\\/www.fondsdedotationroullier.org\\\/en\\\/#\\\/schema\\\/logo\\\/image\\\/\",\"url\":\"https:\\\/\\\/www.fondsdedotationroullier.org\\\/wp-content\\\/uploads\\\/2023\\\/05\\\/Logo_FDR_Noir.png\",\"contentUrl\":\"https:\\\/\\\/www.fondsdedotationroullier.org\\\/wp-content\\\/uploads\\\/2023\\\/05\\\/Logo_FDR_Noir.png\",\"width\":1536,\"height\":591,\"caption\":\"Fonds de Dotation Roullier\"},\"image\":{\"@id\":\"https:\\\/\\\/www.fondsdedotationroullier.org\\\/en\\\/#\\\/schema\\\/logo\\\/image\\\/\"},\"sameAs\":[\"https:\\\/\\\/www.linkedin.com\\\/company\\\/fonds-de-dotation-roullier\\\/\"]}]}<\/script>\n<!-- \/ Yoast SEO plugin. -->","yoast_head_json":{"title":"Les programmes de recherche soutenus par le Fonds de dotation Roullier - Fonds de Dotation Roullier","description":"D\u00e9couvrez comment les programmes de recherche soutenus par le Fonds de dotation Roullier abordent des d\u00e9fis cruciaux en agriculture et plus particuli\u00e8rement dans l\u2019am\u00e9lioration de la connaissance des sols et le d\u00e9veloppement durable dans ces domaines essentiels.","robots":{"index":"index","follow":"follow","max-snippet":"max-snippet:-1","max-image-preview":"max-image-preview:large","max-video-preview":"max-video-preview:-1"},"canonical":"https:\/\/www.fondsdedotationroullier.org\/fr\/les-programmes-de-recherche-soutenus-par-le-fonds-de-dotation-roullier\/","og_locale":"fr_FR","og_type":"article","og_title":"Les programmes de recherche soutenus par le Fonds de dotation Roullier - Fonds de Dotation Roullier","og_description":"D\u00e9couvrez comment les programmes de recherche soutenus par le Fonds de dotation Roullier abordent des d\u00e9fis cruciaux en agriculture et plus particuli\u00e8rement dans l\u2019am\u00e9lioration de la connaissance des sols et le d\u00e9veloppement durable dans ces domaines essentiels.","og_url":"https:\/\/www.fondsdedotationroullier.org\/fr\/les-programmes-de-recherche-soutenus-par-le-fonds-de-dotation-roullier\/","og_site_name":"Fonds de Dotation Roullier","article_modified_time":"2024-05-14T15:00:34+00:00","twitter_card":"summary_large_image","schema":{"@context":"https:\/\/schema.org","@graph":[{"@type":"WebPage","@id":"https:\/\/www.fondsdedotationroullier.org\/fr\/les-programmes-de-recherche-soutenus-par-le-fonds-de-dotation-roullier\/","url":"https:\/\/www.fondsdedotationroullier.org\/fr\/les-programmes-de-recherche-soutenus-par-le-fonds-de-dotation-roullier\/","name":"Les programmes de recherche soutenus par le Fonds de dotation Roullier - Fonds de Dotation Roullier","isPartOf":{"@id":"https:\/\/www.fondsdedotationroullier.org\/en\/#website"},"datePublished":"2024-05-14T14:37:23+00:00","dateModified":"2024-05-14T15:00:34+00:00","description":"D\u00e9couvrez comment les programmes de recherche soutenus par le Fonds de dotation Roullier abordent des d\u00e9fis cruciaux en agriculture et plus particuli\u00e8rement dans l\u2019am\u00e9lioration de la connaissance des sols et le d\u00e9veloppement durable dans ces domaines essentiels.","breadcrumb":{"@id":"https:\/\/www.fondsdedotationroullier.org\/fr\/les-programmes-de-recherche-soutenus-par-le-fonds-de-dotation-roullier\/#breadcrumb"},"inLanguage":"fr-FR","potentialAction":[{"@type":"ReadAction","target":["https:\/\/www.fondsdedotationroullier.org\/fr\/les-programmes-de-recherche-soutenus-par-le-fonds-de-dotation-roullier\/"]}]},{"@type":"BreadcrumbList","@id":"https:\/\/www.fondsdedotationroullier.org\/fr\/les-programmes-de-recherche-soutenus-par-le-fonds-de-dotation-roullier\/#breadcrumb","itemListElement":[{"@type":"ListItem","position":1,"name":"Accueil","item":"https:\/\/www.fondsdedotationroullier.org\/fr\/"},{"@type":"ListItem","position":2,"name":"Les programmes de recherche soutenus par le Fonds de dotation Roullier"}]},{"@type":"WebSite","@id":"https:\/\/www.fondsdedotationroullier.org\/en\/#website","url":"https:\/\/www.fondsdedotationroullier.org\/en\/","name":"Fonds de Dotation Roullier","description":"","publisher":{"@id":"https:\/\/www.fondsdedotationroullier.org\/en\/#organization"},"potentialAction":[{"@type":"SearchAction","target":{"@type":"EntryPoint","urlTemplate":"https:\/\/www.fondsdedotationroullier.org\/en\/?s={search_term_string}"},"query-input":{"@type":"PropertyValueSpecification","valueRequired":true,"valueName":"search_term_string"}}],"inLanguage":"fr-FR"},{"@type":"Organization","@id":"https:\/\/www.fondsdedotationroullier.org\/en\/#organization","name":"Fonds de Dotation Roullier","url":"https:\/\/www.fondsdedotationroullier.org\/en\/","logo":{"@type":"ImageObject","inLanguage":"fr-FR","@id":"https:\/\/www.fondsdedotationroullier.org\/en\/#\/schema\/logo\/image\/","url":"https:\/\/www.fondsdedotationroullier.org\/wp-content\/uploads\/2023\/05\/Logo_FDR_Noir.png","contentUrl":"https:\/\/www.fondsdedotationroullier.org\/wp-content\/uploads\/2023\/05\/Logo_FDR_Noir.png","width":1536,"height":591,"caption":"Fonds de Dotation Roullier"},"image":{"@id":"https:\/\/www.fondsdedotationroullier.org\/en\/#\/schema\/logo\/image\/"},"sameAs":["https:\/\/www.linkedin.com\/company\/fonds-de-dotation-roullier\/"]}]}},"_links":{"self":[{"href":"https:\/\/www.fondsdedotationroullier.org\/fr\/wp-json\/wp\/v2\/pages\/3489","targetHints":{"allow":["GET"]}}],"collection":[{"href":"https:\/\/www.fondsdedotationroullier.org\/fr\/wp-json\/wp\/v2\/pages"}],"about":[{"href":"https:\/\/www.fondsdedotationroullier.org\/fr\/wp-json\/wp\/v2\/types\/page"}],"author":[{"embeddable":true,"href":"https:\/\/www.fondsdedotationroullier.org\/fr\/wp-json\/wp\/v2\/users\/4"}],"replies":[{"embeddable":true,"href":"https:\/\/www.fondsdedotationroullier.org\/fr\/wp-json\/wp\/v2\/comments?post=3489"}],"version-history":[{"count":2,"href":"https:\/\/www.fondsdedotationroullier.org\/fr\/wp-json\/wp\/v2\/pages\/3489\/revisions"}],"predecessor-version":[{"id":3495,"href":"https:\/\/www.fondsdedotationroullier.org\/fr\/wp-json\/wp\/v2\/pages\/3489\/revisions\/3495"}],"wp:attachment":[{"href":"https:\/\/www.fondsdedotationroullier.org\/fr\/wp-json\/wp\/v2\/media?parent=3489"}],"curies":[{"name":"wp","href":"https:\/\/api.w.org\/{rel}","templated":true}]}}