{"id":3925,"date":"2025-01-22T16:00:21","date_gmt":"2025-01-22T15:00:21","guid":{"rendered":"https:\/\/www.fondsdedotationroullier.org\/?page_id=3925"},"modified":"2026-01-28T17:58:39","modified_gmt":"2026-01-28T16:58:39","slug":"appel-a-projet","status":"publish","type":"page","link":"https:\/\/www.fondsdedotationroullier.org\/fr\/appel-a-projet\/","title":{"rendered":"Appel \u00e0 projets"},"content":{"rendered":"<p><img decoding=\"async\" class=\"size-medium wp-image-3189\" src=\"https:\/\/www.fondsdedotationroullier.org\/wp-content\/uploads\/2024\/01\/agricultrices-etudient-sol-300x200.jpg\" alt=\"\" width=\"300\" height=\"200\" srcset=\"https:\/\/www.fondsdedotationroullier.org\/wp-content\/uploads\/2024\/01\/agricultrices-etudient-sol-300x200.jpg 300w, https:\/\/www.fondsdedotationroullier.org\/wp-content\/uploads\/2024\/01\/agricultrices-etudient-sol-1024x683.jpg 1024w, https:\/\/www.fondsdedotationroullier.org\/wp-content\/uploads\/2024\/01\/agricultrices-etudient-sol-768x512.jpg 768w, https:\/\/www.fondsdedotationroullier.org\/wp-content\/uploads\/2024\/01\/agricultrices-etudient-sol-1536x1024.jpg 1536w, https:\/\/www.fondsdedotationroullier.org\/wp-content\/uploads\/2024\/01\/agricultrices-etudient-sol-2048x1365.jpg 2048w, https:\/\/www.fondsdedotationroullier.org\/wp-content\/uploads\/2024\/01\/agricultrices-etudient-sol-880x587.jpg 880w, https:\/\/www.fondsdedotationroullier.org\/wp-content\/uploads\/2024\/01\/agricultrices-etudient-sol-440x293.jpg 440w\" sizes=\"(max-width: 300px) 100vw, 300px\" \/><\/p>\n","protected":false},"excerpt":{"rendered":"","protected":false},"author":4,"featured_media":3189,"parent":0,"menu_order":0,"comment_status":"closed","ping_status":"closed","template":"","meta":{"_acf_changed":false,"footnotes":""},"class_list":["post-3925","page","type-page","status-publish","has-post-thumbnail","hentry"],"acf":[],"yoast_head":"<!-- This site is optimized with the Yoast SEO plugin v27.3 - https:\/\/yoast.com\/product\/yoast-seo-wordpress\/ -->\n<title>Appel \u00e0 projets - Fonds de Dotation Roullier<\/title>\n<meta name=\"description\" content=\"Le Fonds de Dotation Roullier lance son second appel \u00e0 projets de recherche sur le th\u00e8me des sols agricoles et de leur qualit\u00e9.\" \/>\n<meta name=\"robots\" content=\"index, follow, max-snippet:-1, max-image-preview:large, max-video-preview:-1\" \/>\n<link rel=\"canonical\" href=\"https:\/\/www.fondsdedotationroullier.org\/fr\/appel-a-projet\/\" \/>\n<meta property=\"og:locale\" content=\"fr_FR\" \/>\n<meta property=\"og:type\" content=\"article\" \/>\n<meta property=\"og:title\" content=\"Appel \u00e0 projets - Fonds de Dotation Roullier\" \/>\n<meta property=\"og:description\" content=\"Le Fonds de Dotation Roullier lance son second appel \u00e0 projets de recherche sur le th\u00e8me des sols agricoles et de leur qualit\u00e9.\" \/>\n<meta property=\"og:url\" content=\"https:\/\/www.fondsdedotationroullier.org\/fr\/appel-a-projet\/\" \/>\n<meta property=\"og:site_name\" content=\"Fonds de Dotation Roullier\" \/>\n<meta property=\"article:modified_time\" content=\"2026-01-28T16:58:39+00:00\" \/>\n<meta property=\"og:image\" content=\"https:\/\/www.fondsdedotationroullier.org\/wp-content\/uploads\/2024\/01\/agricultrices-etudient-sol-scaled.jpg\" \/>\n\t<meta property=\"og:image:width\" content=\"2560\" \/>\n\t<meta property=\"og:image:height\" content=\"1707\" \/>\n\t<meta property=\"og:image:type\" content=\"image\/jpeg\" \/>\n<meta name=\"twitter:card\" content=\"summary_large_image\" \/>\n<script type=\"application\/ld+json\" class=\"yoast-schema-graph\">{\"@context\":\"https:\\\/\\\/schema.org\",\"@graph\":[{\"@type\":\"WebPage\",\"@id\":\"https:\\\/\\\/www.fondsdedotationroullier.org\\\/fr\\\/appel-a-projet\\\/\",\"url\":\"https:\\\/\\\/www.fondsdedotationroullier.org\\\/fr\\\/appel-a-projet\\\/\",\"name\":\"Appel \u00e0 projets - Fonds de Dotation Roullier\",\"isPartOf\":{\"@id\":\"https:\\\/\\\/www.fondsdedotationroullier.org\\\/en\\\/#website\"},\"primaryImageOfPage\":{\"@id\":\"https:\\\/\\\/www.fondsdedotationroullier.org\\\/fr\\\/appel-a-projet\\\/#primaryimage\"},\"image\":{\"@id\":\"https:\\\/\\\/www.fondsdedotationroullier.org\\\/fr\\\/appel-a-projet\\\/#primaryimage\"},\"thumbnailUrl\":\"https:\\\/\\\/www.fondsdedotationroullier.org\\\/wp-content\\\/uploads\\\/2024\\\/01\\\/agricultrices-etudient-sol-scaled.jpg\",\"datePublished\":\"2025-01-22T15:00:21+00:00\",\"dateModified\":\"2026-01-28T16:58:39+00:00\",\"description\":\"Le Fonds de Dotation Roullier lance son second appel \u00e0 projets de recherche sur le th\u00e8me des sols agricoles et de leur qualit\u00e9.\",\"breadcrumb\":{\"@id\":\"https:\\\/\\\/www.fondsdedotationroullier.org\\\/fr\\\/appel-a-projet\\\/#breadcrumb\"},\"inLanguage\":\"fr-FR\",\"potentialAction\":[{\"@type\":\"ReadAction\",\"target\":[\"https:\\\/\\\/www.fondsdedotationroullier.org\\\/fr\\\/appel-a-projet\\\/\"]}]},{\"@type\":\"ImageObject\",\"inLanguage\":\"fr-FR\",\"@id\":\"https:\\\/\\\/www.fondsdedotationroullier.org\\\/fr\\\/appel-a-projet\\\/#primaryimage\",\"url\":\"https:\\\/\\\/www.fondsdedotationroullier.org\\\/wp-content\\\/uploads\\\/2024\\\/01\\\/agricultrices-etudient-sol-scaled.jpg\",\"contentUrl\":\"https:\\\/\\\/www.fondsdedotationroullier.org\\\/wp-content\\\/uploads\\\/2024\\\/01\\\/agricultrices-etudient-sol-scaled.jpg\",\"width\":2560,\"height\":1707,\"caption\":\"Women farmers are researching the soil.\"},{\"@type\":\"BreadcrumbList\",\"@id\":\"https:\\\/\\\/www.fondsdedotationroullier.org\\\/fr\\\/appel-a-projet\\\/#breadcrumb\",\"itemListElement\":[{\"@type\":\"ListItem\",\"position\":1,\"name\":\"Accueil\",\"item\":\"https:\\\/\\\/www.fondsdedotationroullier.org\\\/fr\\\/\"},{\"@type\":\"ListItem\",\"position\":2,\"name\":\"Appel \u00e0 projets\"}]},{\"@type\":\"WebSite\",\"@id\":\"https:\\\/\\\/www.fondsdedotationroullier.org\\\/en\\\/#website\",\"url\":\"https:\\\/\\\/www.fondsdedotationroullier.org\\\/en\\\/\",\"name\":\"Fonds de Dotation Roullier\",\"description\":\"\",\"publisher\":{\"@id\":\"https:\\\/\\\/www.fondsdedotationroullier.org\\\/en\\\/#organization\"},\"potentialAction\":[{\"@type\":\"SearchAction\",\"target\":{\"@type\":\"EntryPoint\",\"urlTemplate\":\"https:\\\/\\\/www.fondsdedotationroullier.org\\\/en\\\/?s={search_term_string}\"},\"query-input\":{\"@type\":\"PropertyValueSpecification\",\"valueRequired\":true,\"valueName\":\"search_term_string\"}}],\"inLanguage\":\"fr-FR\"},{\"@type\":\"Organization\",\"@id\":\"https:\\\/\\\/www.fondsdedotationroullier.org\\\/en\\\/#organization\",\"name\":\"Fonds de Dotation Roullier\",\"url\":\"https:\\\/\\\/www.fondsdedotationroullier.org\\\/en\\\/\",\"logo\":{\"@type\":\"ImageObject\",\"inLanguage\":\"fr-FR\",\"@id\":\"https:\\\/\\\/www.fondsdedotationroullier.org\\\/en\\\/#\\\/schema\\\/logo\\\/image\\\/\",\"url\":\"https:\\\/\\\/www.fondsdedotationroullier.org\\\/wp-content\\\/uploads\\\/2023\\\/05\\\/Logo_FDR_Noir.png\",\"contentUrl\":\"https:\\\/\\\/www.fondsdedotationroullier.org\\\/wp-content\\\/uploads\\\/2023\\\/05\\\/Logo_FDR_Noir.png\",\"width\":1536,\"height\":591,\"caption\":\"Fonds de Dotation Roullier\"},\"image\":{\"@id\":\"https:\\\/\\\/www.fondsdedotationroullier.org\\\/en\\\/#\\\/schema\\\/logo\\\/image\\\/\"},\"sameAs\":[\"https:\\\/\\\/www.linkedin.com\\\/company\\\/fonds-de-dotation-roullier\\\/\"]}]}<\/script>\n<!-- \/ Yoast SEO plugin. -->","yoast_head_json":{"title":"Appel \u00e0 projets - Fonds de Dotation Roullier","description":"Le Fonds de Dotation Roullier lance son second appel \u00e0 projets de recherche sur le th\u00e8me des sols agricoles et de leur qualit\u00e9.","robots":{"index":"index","follow":"follow","max-snippet":"max-snippet:-1","max-image-preview":"max-image-preview:large","max-video-preview":"max-video-preview:-1"},"canonical":"https:\/\/www.fondsdedotationroullier.org\/fr\/appel-a-projet\/","og_locale":"fr_FR","og_type":"article","og_title":"Appel \u00e0 projets - Fonds de Dotation Roullier","og_description":"Le Fonds de Dotation Roullier lance son second appel \u00e0 projets de recherche sur le th\u00e8me des sols agricoles et de leur qualit\u00e9.","og_url":"https:\/\/www.fondsdedotationroullier.org\/fr\/appel-a-projet\/","og_site_name":"Fonds de Dotation Roullier","article_modified_time":"2026-01-28T16:58:39+00:00","og_image":[{"width":2560,"height":1707,"url":"https:\/\/www.fondsdedotationroullier.org\/wp-content\/uploads\/2024\/01\/agricultrices-etudient-sol-scaled.jpg","type":"image\/jpeg"}],"twitter_card":"summary_large_image","schema":{"@context":"https:\/\/schema.org","@graph":[{"@type":"WebPage","@id":"https:\/\/www.fondsdedotationroullier.org\/fr\/appel-a-projet\/","url":"https:\/\/www.fondsdedotationroullier.org\/fr\/appel-a-projet\/","name":"Appel \u00e0 projets - Fonds de Dotation Roullier","isPartOf":{"@id":"https:\/\/www.fondsdedotationroullier.org\/en\/#website"},"primaryImageOfPage":{"@id":"https:\/\/www.fondsdedotationroullier.org\/fr\/appel-a-projet\/#primaryimage"},"image":{"@id":"https:\/\/www.fondsdedotationroullier.org\/fr\/appel-a-projet\/#primaryimage"},"thumbnailUrl":"https:\/\/www.fondsdedotationroullier.org\/wp-content\/uploads\/2024\/01\/agricultrices-etudient-sol-scaled.jpg","datePublished":"2025-01-22T15:00:21+00:00","dateModified":"2026-01-28T16:58:39+00:00","description":"Le Fonds de Dotation Roullier lance son second appel \u00e0 projets de recherche sur le th\u00e8me des sols agricoles et de leur qualit\u00e9.","breadcrumb":{"@id":"https:\/\/www.fondsdedotationroullier.org\/fr\/appel-a-projet\/#breadcrumb"},"inLanguage":"fr-FR","potentialAction":[{"@type":"ReadAction","target":["https:\/\/www.fondsdedotationroullier.org\/fr\/appel-a-projet\/"]}]},{"@type":"ImageObject","inLanguage":"fr-FR","@id":"https:\/\/www.fondsdedotationroullier.org\/fr\/appel-a-projet\/#primaryimage","url":"https:\/\/www.fondsdedotationroullier.org\/wp-content\/uploads\/2024\/01\/agricultrices-etudient-sol-scaled.jpg","contentUrl":"https:\/\/www.fondsdedotationroullier.org\/wp-content\/uploads\/2024\/01\/agricultrices-etudient-sol-scaled.jpg","width":2560,"height":1707,"caption":"Women farmers are researching the soil."},{"@type":"BreadcrumbList","@id":"https:\/\/www.fondsdedotationroullier.org\/fr\/appel-a-projet\/#breadcrumb","itemListElement":[{"@type":"ListItem","position":1,"name":"Accueil","item":"https:\/\/www.fondsdedotationroullier.org\/fr\/"},{"@type":"ListItem","position":2,"name":"Appel \u00e0 projets"}]},{"@type":"WebSite","@id":"https:\/\/www.fondsdedotationroullier.org\/en\/#website","url":"https:\/\/www.fondsdedotationroullier.org\/en\/","name":"Fonds de Dotation Roullier","description":"","publisher":{"@id":"https:\/\/www.fondsdedotationroullier.org\/en\/#organization"},"potentialAction":[{"@type":"SearchAction","target":{"@type":"EntryPoint","urlTemplate":"https:\/\/www.fondsdedotationroullier.org\/en\/?s={search_term_string}"},"query-input":{"@type":"PropertyValueSpecification","valueRequired":true,"valueName":"search_term_string"}}],"inLanguage":"fr-FR"},{"@type":"Organization","@id":"https:\/\/www.fondsdedotationroullier.org\/en\/#organization","name":"Fonds de Dotation Roullier","url":"https:\/\/www.fondsdedotationroullier.org\/en\/","logo":{"@type":"ImageObject","inLanguage":"fr-FR","@id":"https:\/\/www.fondsdedotationroullier.org\/en\/#\/schema\/logo\/image\/","url":"https:\/\/www.fondsdedotationroullier.org\/wp-content\/uploads\/2023\/05\/Logo_FDR_Noir.png","contentUrl":"https:\/\/www.fondsdedotationroullier.org\/wp-content\/uploads\/2023\/05\/Logo_FDR_Noir.png","width":1536,"height":591,"caption":"Fonds de Dotation Roullier"},"image":{"@id":"https:\/\/www.fondsdedotationroullier.org\/en\/#\/schema\/logo\/image\/"},"sameAs":["https:\/\/www.linkedin.com\/company\/fonds-de-dotation-roullier\/"]}]}},"_links":{"self":[{"href":"https:\/\/www.fondsdedotationroullier.org\/fr\/wp-json\/wp\/v2\/pages\/3925","targetHints":{"allow":["GET"]}}],"collection":[{"href":"https:\/\/www.fondsdedotationroullier.org\/fr\/wp-json\/wp\/v2\/pages"}],"about":[{"href":"https:\/\/www.fondsdedotationroullier.org\/fr\/wp-json\/wp\/v2\/types\/page"}],"author":[{"embeddable":true,"href":"https:\/\/www.fondsdedotationroullier.org\/fr\/wp-json\/wp\/v2\/users\/4"}],"replies":[{"embeddable":true,"href":"https:\/\/www.fondsdedotationroullier.org\/fr\/wp-json\/wp\/v2\/comments?post=3925"}],"version-history":[{"count":65,"href":"https:\/\/www.fondsdedotationroullier.org\/fr\/wp-json\/wp\/v2\/pages\/3925\/revisions"}],"predecessor-version":[{"id":5194,"href":"https:\/\/www.fondsdedotationroullier.org\/fr\/wp-json\/wp\/v2\/pages\/3925\/revisions\/5194"}],"wp:featuredmedia":[{"embeddable":true,"href":"https:\/\/www.fondsdedotationroullier.org\/fr\/wp-json\/wp\/v2\/media\/3189"}],"wp:attachment":[{"href":"https:\/\/www.fondsdedotationroullier.org\/fr\/wp-json\/wp\/v2\/media?parent=3925"}],"curies":[{"name":"wp","href":"https:\/\/api.w.org\/{rel}","templated":true}]}}